{"id":8,"date":"2022-03-08T10:49:30","date_gmt":"2022-03-08T10:49:30","guid":{"rendered":"https:\/\/dev.net-vision.cz\/vizitka\/?page_id=8"},"modified":"2022-04-02T14:10:02","modified_gmt":"2022-04-02T14:10:02","slug":"fmp-kovo-s-r-o","status":"publish","type":"page","link":"https:\/\/www.fmpkovo.cz\/","title":{"rendered":"FMP Kovo s.r.o."},"content":{"rendered":"","protected":false},"excerpt":{"rendered":"","protected":false},"author":2,"featured_media":0,"parent":0,"menu_order":0,"comment_status":"closed","ping_status":"closed","template":"","meta":{"footnotes":""},"class_list":["post-8","page","type-page","status-publish","hentry"],"yoast_head":"<!-- This site is optimized with the Yoast SEO plugin v25.6 - https:\/\/yoast.com\/wordpress\/plugins\/seo\/ -->\n<title>Pron\u00e1jem a investice do nemovitost\u00ed - FMP Kovo s.r.o.<\/title>\n<meta name=\"description\" content=\"Spole\u010dnost je p\u0159ipravena na realizaci nemovitostn\u00edch investi\u010dn\u00edch z\u00e1m\u011br\u016f. (Spole\u010dnost vznikla dne 24.2.2016 a je veden\u00e1 u M\u011bstsk\u00e9ho soudu v Praze odd\u00edl C, vlo\u017eka 253781).\" \/>\n<meta name=\"robots\" content=\"index, follow, max-snippet:-1, max-image-preview:large, max-video-preview:-1\" \/>\n<link rel=\"canonical\" href=\"https:\/\/www.fmpkovo.cz\/\" \/>\n<meta property=\"og:locale\" content=\"cs_CZ\" \/>\n<meta property=\"og:type\" content=\"article\" \/>\n<meta property=\"og:title\" content=\"Pron\u00e1jem a investice do nemovitost\u00ed - FMP Kovo s.r.o.\" \/>\n<meta property=\"og:description\" content=\"Spole\u010dnost je p\u0159ipravena na realizaci nemovitostn\u00edch investi\u010dn\u00edch z\u00e1m\u011br\u016f. (Spole\u010dnost vznikla dne 24.2.2016 a je veden\u00e1 u M\u011bstsk\u00e9ho soudu v Praze odd\u00edl C, vlo\u017eka 253781).\" \/>\n<meta property=\"og:url\" content=\"https:\/\/www.fmpkovo.cz\/\" \/>\n<meta property=\"og:site_name\" content=\"FMP kovo - Vizitka\" \/>\n<meta property=\"article:modified_time\" content=\"2022-04-02T14:10:02+00:00\" \/>\n<meta name=\"twitter:card\" content=\"summary_large_image\" \/>\n<script type=\"application\/ld+json\" class=\"yoast-schema-graph\">{\"@context\":\"https:\/\/schema.org\",\"@graph\":[{\"@type\":\"WebPage\",\"@id\":\"https:\/\/www.fmpkovo.cz\/\",\"url\":\"https:\/\/www.fmpkovo.cz\/\",\"name\":\"Pron\u00e1jem a investice do nemovitost\u00ed - FMP Kovo s.r.o.\",\"isPartOf\":{\"@id\":\"https:\/\/www.fmpkovo.cz\/#website\"},\"datePublished\":\"2022-03-08T10:49:30+00:00\",\"dateModified\":\"2022-04-02T14:10:02+00:00\",\"description\":\"Spole\u010dnost je p\u0159ipravena na realizaci nemovitostn\u00edch investi\u010dn\u00edch z\u00e1m\u011br\u016f. (Spole\u010dnost vznikla dne 24.2.2016 a je veden\u00e1 u M\u011bstsk\u00e9ho soudu v Praze odd\u00edl C, vlo\u017eka 253781).\",\"breadcrumb\":{\"@id\":\"https:\/\/www.fmpkovo.cz\/#breadcrumb\"},\"inLanguage\":\"cs\",\"potentialAction\":[{\"@type\":\"ReadAction\",\"target\":[\"https:\/\/www.fmpkovo.cz\/\"]}]},{\"@type\":\"BreadcrumbList\",\"@id\":\"https:\/\/www.fmpkovo.cz\/#breadcrumb\",\"itemListElement\":[{\"@type\":\"ListItem\",\"position\":1,\"name\":\"Dom\u016f\",\"item\":\"https:\/\/www.fmpkovo.cz\/\"},{\"@type\":\"ListItem\",\"position\":2,\"name\":\"FMP Kovo s.r.o.\"}]},{\"@type\":\"WebSite\",\"@id\":\"https:\/\/www.fmpkovo.cz\/#website\",\"url\":\"https:\/\/www.fmpkovo.cz\/\",\"name\":\"FMP kovo - Vizitka\",\"description\":\"Just another WordPress site\",\"potentialAction\":[{\"@type\":\"SearchAction\",\"target\":{\"@type\":\"EntryPoint\",\"urlTemplate\":\"https:\/\/www.fmpkovo.cz\/?s={search_term_string}\"},\"query-input\":{\"@type\":\"PropertyValueSpecification\",\"valueRequired\":true,\"valueName\":\"search_term_string\"}}],\"inLanguage\":\"cs\"}]}<\/script>\n<!-- \/ Yoast SEO plugin. -->","yoast_head_json":{"title":"Pron\u00e1jem a investice do nemovitost\u00ed - FMP Kovo s.r.o.","description":"Spole\u010dnost je p\u0159ipravena na realizaci nemovitostn\u00edch investi\u010dn\u00edch z\u00e1m\u011br\u016f. (Spole\u010dnost vznikla dne 24.2.2016 a je veden\u00e1 u M\u011bstsk\u00e9ho soudu v Praze odd\u00edl C, vlo\u017eka 253781).","robots":{"index":"index","follow":"follow","max-snippet":"max-snippet:-1","max-image-preview":"max-image-preview:large","max-video-preview":"max-video-preview:-1"},"canonical":"https:\/\/www.fmpkovo.cz\/","og_locale":"cs_CZ","og_type":"article","og_title":"Pron\u00e1jem a investice do nemovitost\u00ed - FMP Kovo s.r.o.","og_description":"Spole\u010dnost je p\u0159ipravena na realizaci nemovitostn\u00edch investi\u010dn\u00edch z\u00e1m\u011br\u016f. (Spole\u010dnost vznikla dne 24.2.2016 a je veden\u00e1 u M\u011bstsk\u00e9ho soudu v Praze odd\u00edl C, vlo\u017eka 253781).","og_url":"https:\/\/www.fmpkovo.cz\/","og_site_name":"FMP kovo - Vizitka","article_modified_time":"2022-04-02T14:10:02+00:00","twitter_card":"summary_large_image","schema":{"@context":"https:\/\/schema.org","@graph":[{"@type":"WebPage","@id":"https:\/\/www.fmpkovo.cz\/","url":"https:\/\/www.fmpkovo.cz\/","name":"Pron\u00e1jem a investice do nemovitost\u00ed - FMP Kovo s.r.o.","isPartOf":{"@id":"https:\/\/www.fmpkovo.cz\/#website"},"datePublished":"2022-03-08T10:49:30+00:00","dateModified":"2022-04-02T14:10:02+00:00","description":"Spole\u010dnost je p\u0159ipravena na realizaci nemovitostn\u00edch investi\u010dn\u00edch z\u00e1m\u011br\u016f. (Spole\u010dnost vznikla dne 24.2.2016 a je veden\u00e1 u M\u011bstsk\u00e9ho soudu v Praze odd\u00edl C, vlo\u017eka 253781).","breadcrumb":{"@id":"https:\/\/www.fmpkovo.cz\/#breadcrumb"},"inLanguage":"cs","potentialAction":[{"@type":"ReadAction","target":["https:\/\/www.fmpkovo.cz\/"]}]},{"@type":"BreadcrumbList","@id":"https:\/\/www.fmpkovo.cz\/#breadcrumb","itemListElement":[{"@type":"ListItem","position":1,"name":"Dom\u016f","item":"https:\/\/www.fmpkovo.cz\/"},{"@type":"ListItem","position":2,"name":"FMP Kovo s.r.o."}]},{"@type":"WebSite","@id":"https:\/\/www.fmpkovo.cz\/#website","url":"https:\/\/www.fmpkovo.cz\/","name":"FMP kovo - Vizitka","description":"Just another WordPress site","potentialAction":[{"@type":"SearchAction","target":{"@type":"EntryPoint","urlTemplate":"https:\/\/www.fmpkovo.cz\/?s={search_term_string}"},"query-input":{"@type":"PropertyValueSpecification","valueRequired":true,"valueName":"search_term_string"}}],"inLanguage":"cs"}]}},"_links":{"self":[{"href":"https:\/\/www.fmpkovo.cz\/index.php\/wp-json\/wp\/v2\/pages\/8","targetHints":{"allow":["GET"]}}],"collection":[{"href":"https:\/\/www.fmpkovo.cz\/index.php\/wp-json\/wp\/v2\/pages"}],"about":[{"href":"https:\/\/www.fmpkovo.cz\/index.php\/wp-json\/wp\/v2\/types\/page"}],"author":[{"embeddable":true,"href":"https:\/\/www.fmpkovo.cz\/index.php\/wp-json\/wp\/v2\/users\/2"}],"replies":[{"embeddable":true,"href":"https:\/\/www.fmpkovo.cz\/index.php\/wp-json\/wp\/v2\/comments?post=8"}],"version-history":[{"count":1,"href":"https:\/\/www.fmpkovo.cz\/index.php\/wp-json\/wp\/v2\/pages\/8\/revisions"}],"predecessor-version":[{"id":10,"href":"https:\/\/www.fmpkovo.cz\/index.php\/wp-json\/wp\/v2\/pages\/8\/revisions\/10"}],"wp:attachment":[{"href":"https:\/\/www.fmpkovo.cz\/index.php\/wp-json\/wp\/v2\/media?parent=8"}],"curies":[{"name":"wp","href":"https:\/\/api.w.org\/{rel}","templated":true}]}}